{"id":282,"date":"2022-01-15T18:55:52","date_gmt":"2022-01-15T17:55:52","guid":{"rendered":"https:\/\/medspa.rs\/naslovna\/"},"modified":"2024-01-30T18:56:35","modified_gmt":"2024-01-30T17:56:35","slug":"naslovna","status":"publish","type":"page","link":"https:\/\/medspa.rs\/en\/","title":{"rendered":"Home"},"content":{"rendered":"\n\t\t\t<!-- START Naslovna REVOLUTION SLIDER 6.7.6 --><p class=\"rs-p-wp-fix\"><\/p>\n\t\t\t<rs-module-wrap id=\"rev_slider_1_1_wrapper\" data-source=\"gallery\" style=\"visibility:hidden;background:transparent;padding:0;margin:0px auto;margin-top:0;margin-bottom:0;\">\n\t\t\t\t<rs-module id=\"rev_slider_1_1\" style=\"\" data-version=\"6.7.6\">\n\t\t\t\t\t<rs-slides style=\"overflow: hidden; position: absolute;\">\n\t\t\t\t\t\t<rs-slide style=\"position: absolute;\" data-key=\"rs-5\" data-title=\"Slide\" data-in=\"o:0;\" data-out=\"a:false;\">\n\t\t\t\t\t\t\t<img decoding=\"async\" src=\"\/\/medspa.rs\/wp-content\/plugins\/revslider\/sr6\/assets\/assets\/dummy.png\" alt=\"\" title=\"medspa-koncept\" width=\"1920\" height=\"1080\" class=\"rev-slidebg tp-rs-img rs-lazyload\" data-lazyload=\"\/\/medspa.rs\/files\/2025\/01\/medspa-koncept.jpg\" data-panzoom=\"d:10000;ss:100;se:110%;\" data-no-retina>\n<!---->\t\t\t\t\t<\/rs-slide>\n\t\t\t\t\t\t<rs-slide style=\"position: absolute;\" data-key=\"rs-4\" data-title=\"Slide\" data-in=\"o:0;\" data-out=\"a:false;\">\n\t\t\t\t\t\t\t<img decoding=\"async\" src=\"\/\/medspa.rs\/wp-content\/plugins\/revslider\/sr6\/assets\/assets\/dummy.png\" alt=\"\" title=\"medspa-salon\" width=\"1920\" height=\"1080\" class=\"rev-slidebg tp-rs-img rs-lazyload\" data-lazyload=\"\/\/6s.rs\/medspa\/files\/2022\/11\/medspa-salon.jpg\" data-panzoom=\"d:10000;ss:100;se:110%;\" data-no-retina>\n<!---->\t\t\t\t\t<\/rs-slide>\n\t\t\t\t\t\t<rs-slide style=\"position: absolute;\" data-key=\"rs-7\" data-title=\"Slide\" data-in=\"o:0;\" data-out=\"a:false;\">\n\t\t\t\t\t\t\t<img decoding=\"async\" src=\"\/\/medspa.rs\/wp-content\/plugins\/revslider\/sr6\/assets\/assets\/dummy.png\" alt=\"\" title=\"medspa-slide-04\" width=\"1920\" height=\"1080\" class=\"rev-slidebg tp-rs-img rs-lazyload\" data-lazyload=\"\/\/6s.rs\/medspa\/files\/2022\/12\/medspa-slide-04.jpg\" data-panzoom=\"d:10000;ss:100;se:110%;\" data-no-retina>\n<!---->\t\t\t\t\t<\/rs-slide>\n\t\t\t\t\t\t<rs-slide style=\"position: absolute;\" data-key=\"rs-6\" data-title=\"Slide\" data-in=\"o:0;\" data-out=\"a:false;\">\n\t\t\t\t\t\t\t<img decoding=\"async\" src=\"\/\/medspa.rs\/wp-content\/plugins\/revslider\/sr6\/assets\/assets\/dummy.png\" alt=\"\" title=\"medspa-masaze\" width=\"1920\" height=\"1080\" class=\"rev-slidebg tp-rs-img rs-lazyload\" data-lazyload=\"\/\/6s.rs\/medspa\/files\/2022\/12\/medspa-masaze.jpg\" data-panzoom=\"d:10000;ss:100;se:110%;\" data-no-retina>\n<!---->\t\t\t\t\t<\/rs-slide>\n\t\t\t\t\t<\/rs-slides>\n\t\t\t\t<\/rs-module>\n\t\t\t\t<script>\n\t\t\t\t\tsetREVStartSize({c: 'rev_slider_1_1',rl:[1240,1240,778,480],el:[860,860,600,435],gw:[1920,1920,778,480],gh:[860,860,600,435],type:'standard',justify:'',layout:'fullwidth',mh:\"0\"});if (window.RS_MODULES!==undefined && window.RS_MODULES.modules!==undefined && window.RS_MODULES.modules[\"revslider11\"]!==undefined) {window.RS_MODULES.modules[\"revslider11\"].once = false;window.revapi1 = undefined;if (window.RS_MODULES.checkMinimal!==undefined) window.RS_MODULES.checkMinimal()}\n\t\t\t\t<\/script>\n\t\t\t<\/rs-module-wrap>\n\t\t\t<!-- END REVOLUTION SLIDER -->\n\n<div class=\"jas-pre-container mob-precontainer\">\n<div class=\"jas-container mrg-sec rbg\">\n<div class=\"jas-row jas-page lr-section\">\n<div class=\"jas-col-md-6 jas-col-sm-6 jas-col-xs-12 lls d-flex\">\n<div class=\"align-self-center\">\n<h1 class=\"spec-title\">MED SPA &#8211; O nama<\/h1>\n<p><strong>Lorem Ipsum is simply dummy text<\/strong> of the printing and typesetting industry. Lorem Ipsum has been the industry&#8217;s standard dummy text ever since the 1500s, when an unknown printer took.<\/p>\n<p><a href=\"https:\/\/medspa.rs\/en\/about-us\/\" class=\"button\">Pro\u010ditajte vi\u0161e<\/a>\n<\/div>\n<\/div>\n<div class=\"jas-col-md-6 jas-col-sm-6 jas-col-xs-12 rrs mob-mt\">\n<img decoding=\"async\" src=\"https:\/\/medspa.rs\/files\/2022\/01\/salon-v2.jpg\">\n<\/div>\n<\/div>\n<\/div>\n<\/div>\n<div class=\"section-services\">\n<div class=\"jas-container mrg-sec rbg\">\n<div class=\"jas-row jas-page lr-section\">\n<div class=\"jas-col-md-12 jas-col-sm-12 jas-col-xs-12\">\n<h1 class=\"tc\">MED SPA &#8211; Usluge<\/h1>\n<\/div>\n<\/div>\n<div class=\"jas-row services-list\">\n<div class=\"jas-col-md-4 jas-col-sm-4 jas-col-xs-12 s-list tr flex\">\n<div class=\"align-self-center\">\n<span>Oblikovanje obrva<\/span><br \/>\n<span>Oblikovanje obrva &#8211; Nina<\/span><br \/>\n<span>Farbanje i oblikovanje obrva<\/span><br \/>\n<span>Farbanje i oblikovanje obrva &#8211; Nina<\/span>\n<\/div>\n<\/div>\n<div class=\"jas-col-md-4 jas-col-sm-4 jas-col-xs-12\">\n<div id=\"animatedLogo\"><\/div>\n<\/div>\n<div class=\"jas-col-md-4 jas-col-sm-4 jas-col-xs-12 s-list flex tl\">\n<div class=\"align-self-center\">\n<span>Higijenski tretman lica<\/span><br \/>\n<span>Teenage higijenski tretman lica<\/span><br \/>\n<span>Masa\u017ea lica plus nega<\/span><br \/>\n<span>Tretman vo\u0107nim kiselinama<\/span>\n<\/div>\n<\/div>\n<div class=\"jas-col-md-12 jas-col-sm-12 jas-col-xs-12\">\n<a href=\"https:\/\/medspa.rs\/usluge\/\" class=\"button button-c\">Pogledajte spisak usluga<\/a>\n<\/div>\n<\/div>\n<\/div>\n<\/div>\n<\/div>\n<\/div>\n<div class=\"jas-row\">\n<div class=\"instagram-grid instagram-grid-home\">\n<div class=\"ig-deco\">\n<h2>Pratite nas na instagramu<\/h2>\n<p><span class=\"ig-deco-item\">@medspa.serbia<\/span>\n<\/div>\n<div class=\"ig-item\"><img decoding=\"async\" src=\"https:\/\/medspa.rs\/files\/2022\/01\/insagram.jpg\"><\/div>\n<div class=\"ig-item\"><img decoding=\"async\" src=\"https:\/\/medspa.rs\/files\/2022\/01\/insagram.jpg\"><\/div>\n<div class=\"ig-item\"><img decoding=\"async\" src=\"https:\/\/medspa.rs\/files\/2022\/01\/insagram.jpg\"><\/div>\n<div class=\"ig-item\"><img decoding=\"async\" src=\"https:\/\/medspa.rs\/files\/2022\/01\/insagram.jpg\"><\/div>\n<div class=\"ig-item\"><img decoding=\"async\" src=\"https:\/\/medspa.rs\/files\/2022\/01\/insagram.jpg\"><\/div>\n<div class=\"ig-item\"><img decoding=\"async\" src=\"https:\/\/medspa.rs\/files\/2022\/01\/insagram.jpg\"><\/div>\n<div class=\"ig-item\"><img decoding=\"async\" src=\"https:\/\/medspa.rs\/files\/2022\/01\/insagram.jpg\"><\/div>\n<div class=\"ig-item\"><img decoding=\"async\" src=\"https:\/\/medspa.rs\/files\/2022\/01\/insagram.jpg\"><\/div>\n<\/div>\n<\/div>\n<div class=\"call-to-action blue-callta\">\n<h2>Konsultacije<\/h2>\n<p>Obo\u017eavamo konsultacije sa na\u0161im klijentima!<br \/>Smatramo da kroz razgovor i prava pitanja zajedno mo\u017eemo do\u0107i do sjajnih re\u0161enja.<br \/>Ako ste fan online konustacija, ili ako vi\u0161e volite da svratite na kafu u MedSpa prostorije, mi vas \u010dekamo!<\/p>\n<div class=\"group-btns\">\n<a href=\"\">Pozovi nas<\/a><br \/>\n<a href=\"\">Pi\u0161i nam na mail<\/a>\n<\/div>\n<\/div>\n","protected":false},"excerpt":{"rendered":"<p>MED SPA &#8211; O nama Lorem Ipsum is simply dummy text of the printing and typesetting industry. Lorem Ipsum has been the industry&#8217;s standard dummy text ever since the 1500s, when an unknown printer took. Pro\u010ditajte vi\u0161e MED SPA &#8211; Usluge Oblikovanje obrva Oblikovanje obrva &#8211; Nina Farbanje i oblikovanje obrva Farbanje i oblikovanje obrva [&hellip;]<\/p>\n","protected":false},"author":1,"featured_media":0,"parent":0,"menu_order":1,"comment_status":"closed","ping_status":"closed","template":"page-nas.php","meta":{"_acf_changed":false,"footnotes":""},"class_list":["post-282","page","type-page","status-publish","hentry"],"acf":[],"_links":{"self":[{"href":"https:\/\/medspa.rs\/en\/wp-json\/wp\/v2\/pages\/282","targetHints":{"allow":["GET"]}}],"collection":[{"href":"https:\/\/medspa.rs\/en\/wp-json\/wp\/v2\/pages"}],"about":[{"href":"https:\/\/medspa.rs\/en\/wp-json\/wp\/v2\/types\/page"}],"author":[{"embeddable":true,"href":"https:\/\/medspa.rs\/en\/wp-json\/wp\/v2\/users\/1"}],"replies":[{"embeddable":true,"href":"https:\/\/medspa.rs\/en\/wp-json\/wp\/v2\/comments?post=282"}],"version-history":[{"count":1,"href":"https:\/\/medspa.rs\/en\/wp-json\/wp\/v2\/pages\/282\/revisions"}],"predecessor-version":[{"id":295,"href":"https:\/\/medspa.rs\/en\/wp-json\/wp\/v2\/pages\/282\/revisions\/295"}],"wp:attachment":[{"href":"https:\/\/medspa.rs\/en\/wp-json\/wp\/v2\/media?parent=282"}],"curies":[{"name":"wp","href":"https:\/\/api.w.org\/{rel}","templated":true}]}}